{"id":18,"date":"2021-09-02T09:18:56","date_gmt":"2021-09-02T09:18:56","guid":{"rendered":"https:\/\/www.3p-france.com\/?page_id=18"},"modified":"2022-03-29T09:33:11","modified_gmt":"2022-03-29T09:33:11","slug":"sacs-isothermes-kraft","status":"publish","type":"page","link":"https:\/\/www.3p-france.com\/en\/double-layer-kraft-bags\/","title":{"rendered":"Double layer kraft bags"},"content":{"rendered":"<p>[et_pb_section fb_built=&#8221;1&#8243; admin_label=&#8221;Section Titre H1&#8243; _builder_version=&#8221;4.10.5&#8243; _module_preset=&#8221;default&#8221; background_color=&#8221;#FFFFFF&#8221; use_background_color_gradient=&#8221;on&#8221; background_color_gradient_start=&#8221;#ffffff&#8221; background_color_gradient_end=&#8221;rgba(255,255,255,0)&#8221; background_color_gradient_direction=&#8221;90deg&#8221; background_color_gradient_start_position=&#8221;15%&#8221; background_color_gradient_overlays_image=&#8221;on&#8221; background_image=&#8221;https:\/\/www.3p-france.com\/wp-content\/uploads\/2021\/09\/housse-isotherme.jpg&#8221; collapsed=&#8221;off&#8221; global_colors_info=&#8221;{}&#8221;][et_pb_row column_structure=&#8221;2_3,1_3&#8243; _builder_version=&#8221;4.10.5&#8243; _module_preset=&#8221;default&#8221; global_colors_info=&#8221;{}&#8221;][et_pb_column type=&#8221;2_3&#8243; _builder_version=&#8221;4.10.5&#8243; _module_preset=&#8221;default&#8221; global_colors_info=&#8221;{}&#8221;][et_pb_text admin_label=&#8221;Titre H1&#8243; _builder_version=&#8221;4.10.5&#8243; _module_preset=&#8221;default&#8221; text_font=&#8221;Poppins|700|||||||&#8221; header_font=&#8221;|||on|||||&#8221; header_font_size=&#8221;50px&#8221; header_font_size_tablet=&#8221;40px&#8221; header_font_size_phone=&#8221;30px&#8221; header_font_size_last_edited=&#8221;on|phone&#8221; global_colors_info=&#8221;{}&#8221;]FOR THE GENERAL PUBLIC<\/p>\n<h1 style=\"padding-top: 15px !important;\">Double layer kraft bags<\/h1>\n<p>[\/et_pb_text][\/et_pb_column][et_pb_column type=&#8221;1_3&#8243; _builder_version=&#8221;4.10.5&#8243; _module_preset=&#8221;default&#8221; global_colors_info=&#8221;{}&#8221;][et_pb_button button_url=&#8221;#fiches-techniques&#8221; button_text=&#8221;Download the specification sheets&#8221; admin_label=&#8221;Bouton T\u00e9l\u00e9chargement&#8221; _builder_version=&#8221;4.10.5&#8243; _module_preset=&#8221;default&#8221; custom_button=&#8221;on&#8221; button_text_color=&#8221;#FFFFFF&#8221; button_bg_color=&#8221;#3AA2DB&#8221; button_icon=&#8221;%%71%%&#8221; button_icon_placement=&#8221;left&#8221; button_on_hover=&#8221;off&#8221; custom_margin=&#8221;||5px||false|false&#8221; global_colors_info=&#8221;{}&#8221;][\/et_pb_button][et_pb_button button_url=&#8221;https:\/\/www.3p-france.com\/en\/products\/&#8221; button_text=&#8221;Online quote&#8221; _builder_version=&#8221;4.10.5&#8243; _module_preset=&#8221;default&#8221; global_colors_info=&#8221;{}&#8221;][\/et_pb_button][\/et_pb_column][\/et_pb_row][\/et_pb_section][et_pb_section fb_built=&#8221;1&#8243; fullwidth=&#8221;on&#8221; admin_label=&#8221;Fils d&#8217;ariane&#8221; _builder_version=&#8221;4.10.5&#8243; _module_preset=&#8221;default&#8221; custom_padding=&#8221;10px||10px||false|false&#8221; border_width_bottom=&#8221;1px&#8221; border_color_bottom=&#8221;#F4F4F4&#8243; collapsed=&#8221;off&#8221; global_colors_info=&#8221;{}&#8221;][et_pb_fullwidth_code admin_label=&#8221;Fils d&#8217;ariane&#8221; _builder_version=&#8221;4.10.5&#8243; _module_preset=&#8221;default&#8221; global_colors_info=&#8221;{}&#8221;]<\/p>\n<div class=\"breadcrumbs\"><a href=\"https:\/\/www.3p-france.com\/en\/\">Home<\/a> <span style=\"color: #3aa2db;\">\u2192<\/span> Double-layered <b>kraft bags<\/b><!-- [et_pb_line_break_holder] --><\/div>\n<p>[\/et_pb_fullwidth_code][\/et_pb_section][et_pb_section fb_built=&#8221;1&#8243; _builder_version=&#8221;4.10.5&#8243; _module_preset=&#8221;default&#8221; custom_padding=&#8221;||0px||false|false&#8221; global_colors_info=&#8221;{}&#8221;][et_pb_row column_structure=&#8221;1_3,1_3&#8243; _builder_version=&#8221;4.10.5&#8243; _module_preset=&#8221;default&#8221; max_width=&#8221;700px&#8221; global_colors_info=&#8221;{}&#8221;][et_pb_column type=&#8221;1_3&#8243; _builder_version=&#8221;4.10.5&#8243; _module_preset=&#8221;default&#8221; global_colors_info=&#8221;{}&#8221;][et_pb_image src=&#8221;https:\/\/www.3p-france.com\/wp-content\/uploads\/2022\/01\/kraft-escargot2.png&#8221; title_text=&#8221;kraft-escargot2&#8243; url=&#8221;https:\/\/www.3p-france.com\/wp-content\/uploads\/2022\/02\/VOC-3P-Fiche-produit-SAC-KRAFT-ESCARGOT.pdf&#8221; url_new_window=&#8221;on&#8221; align=&#8221;center&#8221; _builder_version=&#8221;4.10.5&#8243; _module_preset=&#8221;default&#8221; background_enable_color=&#8221;off&#8221; custom_margin=&#8221;||-75px||false|false&#8221; hover_enabled=&#8221;0&#8243; global_colors_info=&#8221;{}&#8221; sticky_enabled=&#8221;0&#8243;][\/et_pb_image][et_pb_blurb title=&#8221;19L Double layer kraft bag<br \/>\nEscargot design&#8221; _builder_version=&#8221;4.10.5&#8243; _module_preset=&#8221;default&#8221; header_level=&#8221;h3&#8243; header_text_align=&#8221;center&#8221; header_font_size=&#8221;20px&#8221; body_font=&#8221;||||||||&#8221; body_link_font=&#8221;||on||on||||&#8221; background_color=&#8221;#FFFFFF&#8221; text_orientation=&#8221;center&#8221; custom_padding=&#8221;100px|15px|25px|15px|false|false&#8221; custom_css_blurb_title=&#8221;padding-bottom:5px;&#8221; border_radii=&#8221;on|10px|10px|10px|10px&#8221; box_shadow_style=&#8221;preset3&#8243; global_colors_info=&#8221;{}&#8221;][\/et_pb_blurb][\/et_pb_column][et_pb_column type=&#8221;1_3&#8243; _builder_version=&#8221;4.10.5&#8243; _module_preset=&#8221;default&#8221; global_colors_info=&#8221;{}&#8221;][et_pb_image src=&#8221;https:\/\/www.3p-france.com\/wp-content\/uploads\/2022\/01\/kraft-fraicheur2.png&#8221; title_text=&#8221;kraft-fraicheur2&#8243; url=&#8221;https:\/\/www.3p-france.com\/wp-content\/uploads\/2021\/12\/VOC-3P-Fiche-produit-SAC-SURGELE-KRAFT.pdf&#8221; url_new_window=&#8221;on&#8221; align=&#8221;center&#8221; _builder_version=&#8221;4.10.5&#8243; _module_preset=&#8221;default&#8221; background_enable_color=&#8221;off&#8221; custom_margin=&#8221;||-75px||false|false&#8221; hover_enabled=&#8221;0&#8243; global_colors_info=&#8221;{}&#8221; sticky_enabled=&#8221;0&#8243;][\/et_pb_image][et_pb_blurb title=&#8221;25L Double layer kraft bag<br \/>\nFra\u00eecheur design&#8221; builder_version=&#8221;4.10.5&#8243; _module_preset=&#8221;default&#8221; header_level=&#8221;h3&#8243; header_text_align=&#8221;center&#8221; header_font_size=&#8221;20px&#8221; background_color=&#8221;#FFFFFF&#8221; text_orientation=&#8221;center&#8221; custom_padding=&#8221;100px|15px|25px|15px|false|false&#8221; border_radii=&#8221;on|10px|10px|10px|10px&#8221; box_shadow_style=&#8221;preset3&#8243; global_colors_info=&#8221;{}&#8221;][\/et_pb_blurb][\/et_pb_column]<\/p>\n<p>[et_pb_column type=&#8221;1_3&#8243; _builder_version=&#8221;4.10.5&#8243; _module_preset=&#8221;default&#8221; global_colors_info=&#8221;{}&#8221;][et_pb_image src=&#8221;https:\/\/www.3p-france.com\/wp-content\/uploads\/2022\/03\/kraft-escargot2.png&#8221; title_text=&#8221;kraft-escargot2&#8243;&nbsp; align=&#8221;center&#8221; _builder_version=&#8221;4.14.7&#8243; _module_preset=&#8221;default&#8221; background_enable_color=&#8221;off&#8221; custom_margin=&#8221;||-75px||false|false&#8221; global_colors_info=&#8221;{}&#8221;][\/et_pb_image][et_pb_blurb title=&#8221;19L Double layer kraft bag&#8221; _builder_version=&#8221;4.14.7&#8243; _module_preset=&#8221;default&#8221; header_level=&#8221;h3&#8243; header_text_align=&#8221;center&#8221; header_font_size=&#8221;20px&#8221; body_font=&#8221;||on||||||&#8221; body_link_font=&#8221;||on||on||||&#8221; background_color=&#8221;#FFFFFF&#8221; text_orientation=&#8221;center&#8221; custom_padding=&#8221;100px|15px|25px|15px|false|false&#8221; custom_css_main_element=&#8221;height: 220px;&#8221; custom_css_blurb_title=&#8221;padding-bottom:5px;&#8221; border_radii=&#8221;on|10px|10px|10px|10px&#8221; box_shadow_style=&#8221;preset3&#8243; global_colors_info=&#8221;{}&#8221;]<\/p>\n<p>Your design: +6000 bags<\/p>\n<p><a class=\"cta_faite_votre_demande\" href=\"https:\/\/www.3p-france.com\/en\/contact-us\">Make your request<\/a><\/p>\n<p>[\/et_pb_blurb][\/et_pb_column]<\/p>\n<p>[\/et_pb_row][et_pb_row _builder_version=&#8221;4.10.5&#8243; _module_preset=&#8221;default&#8221; global_colors_info=&#8221;{}&#8221;][et_pb_column type=&#8221;4_4&#8243; _builder_version=&#8221;4.10.5&#8243; _module_preset=&#8221;default&#8221; global_colors_info=&#8221;{}&#8221;][et_pb_text _builder_version=&#8221;4.10.5&#8243; _module_preset=&#8221;default&#8221; global_colors_info=&#8221;{}&#8221;]<\/p>\n<p><b style=\"font-family: Poppins; color: #3aa2db;\">Ideal as a short-term conservation solution. Opt for our kraft cooler bags!<\/b><\/p>\n<p>From food retailers to hypermarkets, packaging wholesalers, advertising agencies, manufacturers, transporters and logisticians, e-commerce and home delivery, 3P France is committed to<strong> providing the right cold chain solution for your needs<\/strong>.<\/p>\n<p><strong>Natural and economical<\/strong>, 3P France&#8217;s isothermal kraft bags are THE solution for short term conservation. This product is therefore interesting for short trips of 30 to 45 minutes.<\/p>\n<p>[\/et_pb_text][\/et_pb_column][\/et_pb_row][et_pb_row _builder_version=&#8221;4.10.5&#8243; _module_preset=&#8221;default&#8221; global_colors_info=&#8221;{}&#8221;][et_pb_column type=&#8221;4_4&#8243; _builder_version=&#8221;4.10.5&#8243; _module_preset=&#8221;default&#8221; global_colors_info=&#8221;{}&#8221;][et_pb_text _builder_version=&#8221;4.10.5&#8243; _module_preset=&#8221;default&#8221; global_colors_info=&#8221;{}&#8221;]<\/p>\n<p><b style=\"font-family: Poppins; color: #3aa2db;\">Reasons to use Double layer kraft bags?<\/b><\/p>\n<p>[\/et_pb_text][\/et_pb_column][\/et_pb_row][et_pb_row column_structure=&#8221;1_5,1_5,1_5,1_5,1_5&#8243; _builder_version=&#8221;4.10.5&#8243; _module_preset=&#8221;default&#8221; global_colors_info=&#8221;{}&#8221;][et_pb_column type=&#8221;1_5&#8243; _builder_version=&#8221;4.10.5&#8243; _module_preset=&#8221;default&#8221; global_colors_info=&#8221;{}&#8221;][et_pb_blurb image=&#8221;https:\/\/www.3p-france.com\/wp-content\/uploads\/2021\/09\/europe.png&#8221; image_max_width=&#8221;40%&#8221; admin_label=&#8221;Europe&#8221; _builder_version=&#8221;4.10.5&#8243; _module_preset=&#8221;default&#8221; body_font=&#8221;Poppins||||||||&#8221; text_orientation=&#8221;center&#8221; global_colors_info=&#8221;{}&#8221;]Manufactured in Europe<br \/>\n(Denmark)[\/et_pb_blurb][\/et_pb_column][et_pb_column type=&#8221;1_5&#8243; _builder_version=&#8221;4.10.5&#8243; _module_preset=&#8221;default&#8221; global_colors_info=&#8221;{}&#8221;][et_pb_blurb image=&#8221;https:\/\/www.3p-france.com\/wp-content\/uploads\/2021\/10\/double-paroi.png&#8221; image_max_width=&#8221;40%&#8221; admin_label=&#8221;Double paroi&#8221; _builder_version=&#8221;4.10.5&#8243; _module_preset=&#8221;default&#8221; body_font=&#8221;Poppins||||||||&#8221; text_orientation=&#8221;center&#8221; global_colors_info=&#8221;{}&#8221;]Double liner[\/et_pb_blurb][\/et_pb_column][et_pb_column type=&#8221;1_5&#8243; _builder_version=&#8221;4.10.5&#8243; _module_preset=&#8221;default&#8221; global_colors_info=&#8221;{}&#8221;][et_pb_blurb image=&#8221;https:\/\/www.3p-france.com\/wp-content\/uploads\/2021\/09\/revalorisation.png&#8221; image_max_width=&#8221;40%&#8221; admin_label=&#8221;Matiere&#8221; _builder_version=&#8221;4.10.5&#8243; _module_preset=&#8221;default&#8221; body_font=&#8221;Poppins||||||||&#8221; text_orientation=&#8221;center&#8221; global_colors_info=&#8221;{}&#8221;]Paper from sustainably managed forests[\/et_pb_blurb][\/et_pb_column][et_pb_column type=&#8221;1_5&#8243; _builder_version=&#8221;4.10.5&#8243; _module_preset=&#8221;default&#8221; global_colors_info=&#8221;{}&#8221;][et_pb_blurb image=&#8221;https:\/\/www.3p-france.com\/wp-content\/uploads\/2021\/09\/size.png&#8221; image_max_width=&#8221;40%&#8221; admin_label=&#8221;Taille&#8221; _builder_version=&#8221;4.10.5&#8243; _module_preset=&#8221;default&#8221; body_font=&#8221;Poppins||||||||&#8221; text_orientation=&#8221;center&#8221; global_colors_info=&#8221;{}&#8221;]Several sizes available[\/et_pb_blurb][\/et_pb_column][et_pb_column type=&#8221;1_5&#8243; _builder_version=&#8221;4.10.5&#8243; _module_preset=&#8221;default&#8221; global_colors_info=&#8221;{}&#8221;][et_pb_blurb image=&#8221;https:\/\/www.3p-france.com\/wp-content\/uploads\/2021\/09\/color.png&#8221; image_max_width=&#8221;40%&#8221; admin_label=&#8221;Couleur&#8221; _builder_version=&#8221;4.10.5&#8243; _module_preset=&#8221;default&#8221; body_font=&#8221;Poppins||||||||&#8221; text_orientation=&#8221;center&#8221; global_colors_info=&#8221;{}&#8221;]Up to 8-colour printing for standard or customized designs[\/et_pb_blurb][\/et_pb_column][\/et_pb_row][\/et_pb_section][et_pb_section fb_built=&#8221;1&#8243; module_id=&#8221;fiches-techniques&#8221; _builder_version=&#8221;4.10.5&#8243; _module_preset=&#8221;default&#8221; background_image=&#8221;https:\/\/www.3p-france.com\/wp-content\/uploads\/2021\/09\/devis.jpg&#8221; global_colors_info=&#8221;{}&#8221;][et_pb_row _builder_version=&#8221;4.10.5&#8243; _module_preset=&#8221;default&#8221; custom_padding=&#8221;||50px||false|false&#8221; border_width_top=&#8221;3px&#8221; border_color_top=&#8221;#3AA2DB&#8221; global_colors_info=&#8221;{}&#8221;][et_pb_column type=&#8221;4_4&#8243; _builder_version=&#8221;4.10.5&#8243; _module_preset=&#8221;default&#8221; global_colors_info=&#8221;{}&#8221;][et_pb_text _builder_version=&#8221;4.10.5&#8243; _module_preset=&#8221;default&#8221; text_font=&#8221;Poppins|700|||||||&#8221; text_text_color=&#8221;#063843&#8243; text_orientation=&#8221;center&#8221; global_colors_info=&#8221;{}&#8221;]Additional information and technical specification (in French):[\/et_pb_text][et_pb_text admin_label=&#8221;Link&#8221; _builder_version=&#8221;4.10.5&#8243; _module_preset=&#8221;default&#8221; link_font=&#8221;||||||||&#8221; link_text_align=&#8221;center&#8221; text_orientation=&#8221;center&#8221; global_colors_info=&#8221;{}&#8221;]<a class=\"download\" href=\"https:\/\/www.3p-france.com\/wp-content\/uploads\/2022\/02\/VOC-3P-Fiche-produit-SAC-KRAFT-ESCARGOT.pdf\" target=\"_blank\" rel=\"noopener\">19L Double layer kraft bag Escargot Design<\/a><br \/>\n<a class=\"download\" href=\"https:\/\/www.3p-france.com\/wp-content\/uploads\/2021\/12\/VOC-3P-Fiche-produit-SAC-SURGELE-KRAFT.pdf\" target=\"_blank\" rel=\"noopener\">25L Double layer kraft bag Cool Design<\/a>[\/et_pb_text][\/et_pb_column][\/et_pb_row][et_pb_row admin_label=&#8221;Ligne Devis&#8221; _builder_version=&#8221;4.10.5&#8243; _module_preset=&#8221;default&#8221; global_module=&#8221;173&#8243; global_colors_info=&#8221;{}&#8221;][et_pb_column type=&#8221;4_4&#8243; _builder_version=&#8221;4.10.5&#8243; _module_preset=&#8221;default&#8221; background_color=&#8221;#F4F4F4&#8243; custom_padding=&#8221;50px|50px|50px|50px|false|false&#8221; border_radii=&#8221;on|10px|10px|10px|10px&#8221; box_shadow_style=&#8221;preset3&#8243; global_colors_info=&#8221;{}&#8221;][et_pb_text admin_label=&#8221;Titre H2&#8243; _builder_version=&#8221;4.10.5&#8243; _module_preset=&#8221;default&#8221; text_font=&#8221;Poppins|700|||||||&#8221; text_text_color=&#8221;#3AA2DB&#8221; header_2_text_align=&#8221;center&#8221; text_orientation=&#8221;center&#8221; header_2_text_align_tablet=&#8221;&#8221; header_2_text_align_phone=&#8221;center&#8221; header_2_text_align_last_edited=&#8221;on|phone&#8221; text_orientation_tablet=&#8221;&#8221; text_orientation_phone=&#8221;center&#8221; text_orientation_last_edited=&#8221;on|desktop&#8221; global_colors_info=&#8221;{}&#8221;]<\/p>\n<h2>Your online quote in only a few clicks!<\/h2>\n<p>3P France is committed to providing the best cold chain circuit solution on the market.[\/et_pb_text][et_pb_button button_url=&#8221;https:\/\/www.3p-france.com\/en\/products\/&#8221; button_text=&#8221;Online quote&#8221; button_alignment=&#8221;center&#8221; _builder_version=&#8221;4.10.5&#8243; _module_preset=&#8221;default&#8221; global_colors_info=&#8221;{}&#8221;][\/et_pb_button][et_pb_code _builder_version=&#8221;4.14.7&#8243; _module_preset=&#8221;default&#8221; hover_enabled=&#8221;0&#8243; sticky_enabled=&#8221;0&#8243;][\/et_pb_code][\/et_pb_column][\/et_pb_row][\/et_pb_section]<\/p>\n","protected":false},"excerpt":{"rendered":"<p>DESTIN\u00c9S AU GRAND PUBLIC Sacs surgel\u00e9s kraft\u00c0 partir de 6000 sacs Faites votre demandeUne solution courte dur\u00e9e ? Optez pour nos sacs kraft ! Du commerce de d\u00e9tail alimentaire \u00e0 l&#8217;hypermarch\u00e9 en passant par les grossistes en emballage, les agences de publicit\u00e9, les industriels, les transporteurs et logisticiens, le e-commerce et la livraison \u00e0 domicile, [&hellip;]<\/p>\n","protected":false},"author":5,"featured_media":0,"parent":0,"menu_order":0,"comment_status":"closed","ping_status":"closed","template":"","meta":{"_et_pb_use_builder":"on","_et_pb_old_content":"","_et_gb_content_width":"","footnotes":""},"class_list":["post-18","page","type-page","status-publish","hentry"],"_links":{"self":[{"href":"https:\/\/www.3p-france.com\/en\/wp-json\/wp\/v2\/pages\/18","targetHints":{"allow":["GET"]}}],"collection":[{"href":"https:\/\/www.3p-france.com\/en\/wp-json\/wp\/v2\/pages"}],"about":[{"href":"https:\/\/www.3p-france.com\/en\/wp-json\/wp\/v2\/types\/page"}],"author":[{"embeddable":true,"href":"https:\/\/www.3p-france.com\/en\/wp-json\/wp\/v2\/users\/5"}],"replies":[{"embeddable":true,"href":"https:\/\/www.3p-france.com\/en\/wp-json\/wp\/v2\/comments?post=18"}],"version-history":[{"count":52,"href":"https:\/\/www.3p-france.com\/en\/wp-json\/wp\/v2\/pages\/18\/revisions"}],"predecessor-version":[{"id":1722,"href":"https:\/\/www.3p-france.com\/en\/wp-json\/wp\/v2\/pages\/18\/revisions\/1722"}],"wp:attachment":[{"href":"https:\/\/www.3p-france.com\/en\/wp-json\/wp\/v2\/media?parent=18"}],"curies":[{"name":"wp","href":"https:\/\/api.w.org\/{rel}","templated":true}]}}