{"id":24,"date":"2021-09-02T09:19:36","date_gmt":"2021-09-02T09:19:36","guid":{"rendered":"https:\/\/www.3p-france.com\/?page_id=24"},"modified":"2022-04-07T10:32:01","modified_gmt":"2022-04-07T10:32:01","slug":"gel-refrigerant","status":"publish","type":"page","link":"https:\/\/www.3p-france.com\/en\/refrigerating-gels\/","title":{"rendered":"Refrigerating gels"},"content":{"rendered":"<p>[et_pb_section fb_built=&#8221;1&#8243; admin_label=&#8221;Section Titre H1&#8243; _builder_version=&#8221;4.10.5&#8243; _module_preset=&#8221;default&#8221; background_color=&#8221;#FFFFFF&#8221; use_background_color_gradient=&#8221;on&#8221; background_color_gradient_start=&#8221;#ffffff&#8221; background_color_gradient_end=&#8221;rgba(255,255,255,0)&#8221; background_color_gradient_direction=&#8221;90deg&#8221; background_color_gradient_start_position=&#8221;15%&#8221; background_color_gradient_overlays_image=&#8221;on&#8221; background_image=&#8221;https:\/\/www.3p-france.com\/wp-content\/uploads\/2021\/09\/housse-isotherme.jpg&#8221; collapsed=&#8221;off&#8221; global_colors_info=&#8221;{}&#8221;][et_pb_row column_structure=&#8221;2_3,1_3&#8243; _builder_version=&#8221;4.10.5&#8243; _module_preset=&#8221;default&#8221; global_colors_info=&#8221;{}&#8221;][et_pb_column type=&#8221;2_3&#8243; _builder_version=&#8221;4.10.5&#8243; _module_preset=&#8221;default&#8221; global_colors_info=&#8221;{}&#8221;][et_pb_text admin_label=&#8221;Titre H1&#8243; _builder_version=&#8221;4.10.5&#8243; _module_preset=&#8221;default&#8221; text_font=&#8221;Poppins|700|||||||&#8221; header_font=&#8221;|||on|||||&#8221; header_font_size=&#8221;50px&#8221; header_font_size_tablet=&#8221;40px&#8221; header_font_size_phone=&#8221;30px&#8221; header_font_size_last_edited=&#8221;on|phone&#8221; global_colors_info=&#8221;{}&#8221;]FOR PROFESSIONAL USE<\/p>\n<h1 style=\"padding-top: 15px !important;\">Refrigerating gels<\/h1>\n<p>[\/et_pb_text][\/et_pb_column][et_pb_column type=&#8221;1_3&#8243; _builder_version=&#8221;4.10.5&#8243; _module_preset=&#8221;default&#8221; global_colors_info=&#8221;{}&#8221;][et_pb_button button_url=&#8221;#fiches-techniques&#8221; button_text=&#8221;Download the specification sheets&#8221; admin_label=&#8221;Bouton T\u00e9l\u00e9chargement&#8221; _builder_version=&#8221;4.10.5&#8243; _module_preset=&#8221;default&#8221; custom_button=&#8221;on&#8221; button_text_color=&#8221;#FFFFFF&#8221; button_bg_color=&#8221;#3AA2DB&#8221; button_icon=&#8221;%%71%%&#8221; button_icon_placement=&#8221;left&#8221; button_on_hover=&#8221;off&#8221; custom_margin=&#8221;||5px||false|false&#8221; global_colors_info=&#8221;{}&#8221;][\/et_pb_button][et_pb_button button_url=&#8221;https:\/\/www.3p-france.com\/en\/products\/&#8221; button_text=&#8221;Online quote&#8221; _builder_version=&#8221;4.10.5&#8243; _module_preset=&#8221;default&#8221; global_colors_info=&#8221;{}&#8221;][\/et_pb_button][\/et_pb_column][\/et_pb_row][\/et_pb_section][et_pb_section fb_built=&#8221;1&#8243; fullwidth=&#8221;on&#8221; admin_label=&#8221;Fils d&#8217;ariane&#8221; _builder_version=&#8221;4.10.5&#8243; _module_preset=&#8221;default&#8221; custom_padding=&#8221;10px||10px||false|false&#8221; border_width_bottom=&#8221;1px&#8221; border_color_bottom=&#8221;#F4F4F4&#8243; collapsed=&#8221;on&#8221; global_colors_info=&#8221;{}&#8221;][et_pb_fullwidth_code admin_label=&#8221;Fils d&#8217;ariane&#8221; _builder_version=&#8221;4.10.5&#8243; _module_preset=&#8221;default&#8221; global_colors_info=&#8221;{}&#8221;]<\/p>\n<div class=\"breadcrumbs\"><a href=\"https:\/\/www.3p-france.com\/en\/\">Home<\/a> <span style=\"color: #3aa2db;\">\u2192<\/span> <b>Regrigerating gels<\/b><!-- [et_pb_line_break_holder] --><\/div>\n<p>[\/et_pb_fullwidth_code][\/et_pb_section][et_pb_section fb_built=&#8221;1&#8243; _builder_version=&#8221;4.10.5&#8243; _module_preset=&#8221;default&#8221; custom_padding=&#8221;||0px||false|false&#8221; global_colors_info=&#8221;{}&#8221;][et_pb_row column_structure=&#8221;1_3,1_3,1_3&#8243; _builder_version=&#8221;4.14.7&#8243; _module_preset=&#8221;default&#8221; global_colors_info=&#8221;{}&#8221;][et_pb_column type=&#8221;1_3&#8243; _builder_version=&#8221;4.10.5&#8243; _module_preset=&#8221;default&#8221; global_colors_info=&#8221;{}&#8221;][et_pb_image src=&#8221;https:\/\/www.3p-france.com\/wp-content\/uploads\/2021\/09\/gel-5C.png&#8221; title_text=&#8221;gel-5C&#8221; url=&#8221;https:\/\/www.3p-france.com\/wp-content\/uploads\/2022\/02\/VOC-3P-Fiche-produit-GEL-REFRIGERANT-5%C2%B0.pdf&#8221; url_new_window=&#8221;on&#8221; align=&#8221;center&#8221; _builder_version=&#8221;4.14.7&#8243; _module_preset=&#8221;default&#8221; background_enable_color=&#8221;off&#8221; custom_margin=&#8221;||-75px||false|false&#8221; global_colors_info=&#8221;{}&#8221;][\/et_pb_image][et_pb_blurb title=&#8221;1kg refrigerating gel -5\u00b0C&#8221; url_new_window=&#8221;on&#8221; _builder_version=&#8221;4.14.7&#8243; _module_preset=&#8221;default&#8221; header_level=&#8221;h3&#8243; header_text_align=&#8221;center&#8221; header_font_size=&#8221;20px&#8221; body_font=&#8221;||on||||||&#8221; background_color=&#8221;#FFFFFF&#8221; text_orientation=&#8221;center&#8221; custom_padding=&#8221;100px|15px|25px|15px|false|false&#8221; custom_css_main_element=&#8221;height:225px;&#8221; border_radii=&#8221;on|10px|10px|10px|10px&#8221; box_shadow_style=&#8221;preset3&#8243; global_colors_info=&#8221;{}&#8221;][\/et_pb_blurb][\/et_pb_column][et_pb_column type=&#8221;1_3&#8243; _builder_version=&#8221;4.10.5&#8243; _module_preset=&#8221;default&#8221; global_colors_info=&#8221;{}&#8221;][et_pb_image src=&#8221;https:\/\/www.3p-france.com\/wp-content\/uploads\/2021\/09\/gel-0C.png&#8221; title_text=&#8221;gel-0C&#8221; url=&#8221;https:\/\/www.3p-france.com\/wp-content\/uploads\/2022\/02\/VOC-3P-Fiche-produit-GEL-REFRIGERANT-0%C2%B0.pdf&#8221; url_new_window=&#8221;on&#8221; align=&#8221;center&#8221; _builder_version=&#8221;4.14.7&#8243; _module_preset=&#8221;default&#8221; background_enable_color=&#8221;off&#8221; custom_margin=&#8221;||-75px||false|false&#8221; global_colors_info=&#8221;{}&#8221;][\/et_pb_image][et_pb_blurb title=&#8221;1kg refrigerating gel 0\u00b0C&#8221; url_new_window=&#8221;on&#8221; _builder_version=&#8221;4.13.0&#8243; _module_preset=&#8221;default&#8221; header_level=&#8221;h3&#8243; header_text_align=&#8221;center&#8221; header_font_size=&#8221;20px&#8221; body_font=&#8221;||on||||||&#8221; background_color=&#8221;#FFFFFF&#8221; text_orientation=&#8221;center&#8221; custom_padding=&#8221;100px|15px|25px|15px|false|false&#8221; custom_css_main_element=&#8221;height:225px;&#8221; border_radii=&#8221;on|10px|10px|10px|10px&#8221; box_shadow_style=&#8221;preset3&#8243; global_colors_info=&#8221;{}&#8221;][\/et_pb_blurb][\/et_pb_column][et_pb_column type=&#8221;1_3&#8243; _builder_version=&#8221;4.10.5&#8243; _module_preset=&#8221;default&#8221; global_colors_info=&#8221;{}&#8221;][et_pb_image src=&#8221;https:\/\/www.3p-france.com\/wp-content\/uploads\/2022\/03\/gel-perso.png&#8221; title_text=&#8221;gel-perso&#8221; align=&#8221;center&#8221; _builder_version=&#8221;4.14.7&#8243; _module_preset=&#8221;default&#8221; background_enable_color=&#8221;off&#8221; custom_margin=&#8221;||-75px||false|false&#8221; global_colors_info=&#8221;{}&#8221;][\/et_pb_image][et_pb_blurb title=&#8221;Custom printed refrigerating gel&nbsp;<br \/>\n0\u00b0C or -5\u00b0C&#8221; url_new_window=&#8221;on&#8221; _builder_version=&#8221;4.14.7&#8243; _module_preset=&#8221;default&#8221; header_level=&#8221;h3&#8243; header_text_align=&#8221;center&#8221; header_font_size=&#8221;20px&#8221; body_font=&#8221;||on||||||&#8221; background_color=&#8221;#FFFFFF&#8221; text_orientation=&#8221;center&#8221; custom_padding=&#8221;100px|15px|25px|15px|false|false&#8221; custom_css_main_element=&#8221;height:225px;&#8221; border_radii=&#8221;on|10px|10px|10px|10px&#8221; box_shadow_style=&#8221;preset3&#8243; global_colors_info=&#8221;{}&#8221;]<\/p>\n<p>Starting from 1000 units<\/p>\n<p><a class=\"cta_faite_votre_demande\" href=\"https:\/\/www.3p-france.com\/contact\/en\/contact-us\">Make your request<\/a><\/p>\n<p>[\/et_pb_blurb][\/et_pb_column][\/et_pb_row][et_pb_row _builder_version=&#8221;4.10.5&#8243; _module_preset=&#8221;default&#8221; global_colors_info=&#8221;{}&#8221;][et_pb_column type=&#8221;4_4&#8243; _builder_version=&#8221;4.10.5&#8243; _module_preset=&#8221;default&#8221; global_colors_info=&#8221;{}&#8221;][et_pb_text _builder_version=&#8221;4.10.5&#8243; _module_preset=&#8221;default&#8221; global_colors_info=&#8221;{}&#8221;]<\/p>\n<p><b style=\"font-family: Poppins; color: #3aa2db;\">An ally that reinforces your isothermal capacities<\/b><\/p>\n<p>From food retailers to hypermarkets, packaging wholesalers, advertising agencies, manufacturers, transporters and logisticians, e-commerce and home delivery, 3P France is committed to <strong>providing the appropriate cold chain preservation solution for your needs<\/strong>.<\/p>\n<p>Ideal for ensuring the total preservation of your most sensitive food products, 3P France&#8217;s refrigerated gels are made for your bags, coolers or parcels and thus increase their reliability.<\/p>\n<p>They are available in the form of 1 kg bags in a <strong>positive cold version<\/strong> with a temperature of 0\u00b0C, and in a <strong>negative cold version<\/strong> with a temperature of -5\u00b0C.<\/p>\n<p>Other models can be made-to-measure on request (from 250g to 1kg and also 90g bags).<\/p>\n<p>[\/et_pb_text][\/et_pb_column][\/et_pb_row][et_pb_row _builder_version=&#8221;4.10.5&#8243; _module_preset=&#8221;default&#8221; max_width=&#8221;700px&#8221; module_alignment=&#8221;center&#8221; global_colors_info=&#8221;{}&#8221;][et_pb_column type=&#8221;4_4&#8243; _builder_version=&#8221;4.10.5&#8243; _module_preset=&#8221;default&#8221; background_color=&#8221;#F4F4F4&#8243; custom_padding=&#8221;25px|25px|25px|25px|false|false&#8221; border_radii=&#8221;on|10px|10px|10px|10px&#8221; box_shadow_style=&#8221;preset3&#8243; global_colors_info=&#8221;{}&#8221;][et_pb_blurb title=&#8221;Good to know:&#8221; use_icon=&#8221;on&#8221; font_icon=&#8221;%%101%%&#8221; icon_placement=&#8221;left&#8221; content_max_width=&#8221;100%&#8221; _builder_version=&#8221;4.10.5&#8243; _module_preset=&#8221;default&#8221; header_level=&#8221;h3&#8243; custom_css_blurb_title=&#8221;padding-top: 5px;&#8221; global_colors_info=&#8221;{}&#8221;]For best usage and optimal cold restitution, it is necessary to freeze them flat for 24 hours.[\/et_pb_blurb][\/et_pb_column][\/et_pb_row][et_pb_row _builder_version=&#8221;4.10.5&#8243; _module_preset=&#8221;default&#8221; global_colors_info=&#8221;{}&#8221;][et_pb_column type=&#8221;4_4&#8243; _builder_version=&#8221;4.10.5&#8243; _module_preset=&#8221;default&#8221; global_colors_info=&#8221;{}&#8221;][et_pb_text _builder_version=&#8221;4.10.5&#8243; _module_preset=&#8221;default&#8221; global_colors_info=&#8221;{}&#8221;]<\/p>\n<p><b style=\"font-family: Poppins; color: #3aa2db;\">Advantages :<\/b><\/p>\n<p>[\/et_pb_text][\/et_pb_column][\/et_pb_row][et_pb_row column_structure=&#8221;1_4,1_4,1_4,1_4&#8243; _builder_version=&#8221;4.10.5&#8243; _module_preset=&#8221;default&#8221; global_colors_info=&#8221;{}&#8221;][et_pb_column type=&#8221;1_4&#8243; _builder_version=&#8221;4.10.5&#8243; _module_preset=&#8221;default&#8221; global_colors_info=&#8221;{}&#8221;][et_pb_blurb image=&#8221;https:\/\/www.3p-france.com\/wp-content\/uploads\/2021\/09\/europe2.png&#8221; image_max_width=&#8221;40%&#8221; admin_label=&#8221;France&#8221; _builder_version=&#8221;4.10.5&#8243; _module_preset=&#8221;default&#8221; body_font=&#8221;Poppins||||||||&#8221; text_orientation=&#8221;center&#8221; global_colors_info=&#8221;{}&#8221;]Manufactured in France[\/et_pb_blurb][\/et_pb_column][et_pb_column type=&#8221;1_4&#8243; _builder_version=&#8221;4.10.5&#8243; _module_preset=&#8221;default&#8221; global_colors_info=&#8221;{}&#8221;][et_pb_blurb image=&#8221;https:\/\/www.3p-france.com\/wp-content\/uploads\/2021\/09\/reutilisable.png&#8221; image_max_width=&#8221;40%&#8221; admin_label=&#8221;reutilisable&#8221; _builder_version=&#8221;4.10.5&#8243; _module_preset=&#8221;default&#8221; body_font=&#8221;Poppins||||||||&#8221; text_orientation=&#8221;center&#8221; global_colors_info=&#8221;{}&#8221;]Reusable[\/et_pb_blurb][\/et_pb_column][et_pb_column type=&#8221;1_4&#8243; _builder_version=&#8221;4.10.5&#8243; _module_preset=&#8221;default&#8221; global_colors_info=&#8221;{}&#8221;][et_pb_blurb image=&#8221;https:\/\/www.3p-france.com\/wp-content\/uploads\/2021\/09\/lavable.png&#8221; image_max_width=&#8221;40%&#8221; admin_label=&#8221;Lavable&#8221; _builder_version=&#8221;4.10.5&#8243; _module_preset=&#8221;default&#8221; body_font=&#8221;Poppins||||||||&#8221; text_orientation=&#8221;center&#8221; global_colors_info=&#8221;{}&#8221;]Washable[\/et_pb_blurb][\/et_pb_column][et_pb_column type=&#8221;1_4&#8243; _builder_version=&#8221;4.10.5&#8243; _module_preset=&#8221;default&#8221; global_colors_info=&#8221;{}&#8221;][et_pb_blurb image=&#8221;https:\/\/www.3p-france.com\/wp-content\/uploads\/2021\/09\/aliment.png&#8221; image_max_width=&#8221;40%&#8221; admin_label=&#8221;contact aliment&#8221; _builder_version=&#8221;4.10.5&#8243; _module_preset=&#8221;default&#8221; body_font=&#8221;Poppins||||||||&#8221; text_orientation=&#8221;center&#8221; global_colors_info=&#8221;{}&#8221;]Food contact compatible[\/et_pb_blurb][\/et_pb_column][\/et_pb_row][et_pb_row column_structure=&#8221;1_4,1_4,1_4,1_4&#8243; _builder_version=&#8221;4.10.5&#8243; _module_preset=&#8221;default&#8221; global_colors_info=&#8221;{}&#8221;][et_pb_column type=&#8221;1_4&#8243; _builder_version=&#8221;4.10.5&#8243; _module_preset=&#8221;default&#8221; global_colors_info=&#8221;{}&#8221;][\/et_pb_column][et_pb_column type=&#8221;1_4&#8243; _builder_version=&#8221;4.10.5&#8243; _module_preset=&#8221;default&#8221; global_colors_info=&#8221;{}&#8221;][et_pb_blurb image=&#8221;https:\/\/www.3p-france.com\/wp-content\/uploads\/2021\/09\/color.png&#8221; image_max_width=&#8221;40%&#8221; admin_label=&#8221;personnalisable&#8221; _builder_version=&#8221;4.10.5&#8243; _module_preset=&#8221;default&#8221; body_font=&#8221;Poppins||||||||&#8221; text_orientation=&#8221;center&#8221; global_colors_info=&#8221;{}&#8221;]Customizable[\/et_pb_blurb][\/et_pb_column][et_pb_column type=&#8221;1_4&#8243; _builder_version=&#8221;4.10.5&#8243; _module_preset=&#8221;default&#8221; global_colors_info=&#8221;{}&#8221;][et_pb_blurb image=&#8221;https:\/\/www.3p-france.com\/wp-content\/uploads\/2021\/09\/sur-mesure.png&#8221; image_max_width=&#8221;40%&#8221; admin_label=&#8221;sur-mesure&#8221; _builder_version=&#8221;4.10.5&#8243; _module_preset=&#8221;default&#8221; body_font=&#8221;Poppins||||||||&#8221; text_orientation=&#8221;center&#8221; global_colors_info=&#8221;{}&#8221;]Tailor-made[\/et_pb_blurb][\/et_pb_column][et_pb_column type=&#8221;1_4&#8243; _builder_version=&#8221;4.10.5&#8243; _module_preset=&#8221;default&#8221; global_colors_info=&#8221;{}&#8221;][\/et_pb_column][\/et_pb_row][\/et_pb_section][et_pb_section fb_built=&#8221;1&#8243; module_id=&#8221;fiches-techniques&#8221; _builder_version=&#8221;4.10.5&#8243; _module_preset=&#8221;default&#8221; background_image=&#8221;https:\/\/www.3p-france.com\/wp-content\/uploads\/2021\/09\/devis.jpg&#8221; global_colors_info=&#8221;{}&#8221;][et_pb_row _builder_version=&#8221;4.10.5&#8243; _module_preset=&#8221;default&#8221; custom_padding=&#8221;||50px||false|false&#8221; border_width_top=&#8221;3px&#8221; border_color_top=&#8221;#3AA2DB&#8221; global_colors_info=&#8221;{}&#8221;][et_pb_column type=&#8221;4_4&#8243; _builder_version=&#8221;4.10.5&#8243; _module_preset=&#8221;default&#8221; global_colors_info=&#8221;{}&#8221;][et_pb_text _builder_version=&#8221;4.10.5&#8243; _module_preset=&#8221;default&#8221; text_font=&#8221;Poppins|700|||||||&#8221; text_text_color=&#8221;#063843&#8243; text_orientation=&#8221;center&#8221; global_colors_info=&#8221;{}&#8221;]Additional information and technical specification (in French):[\/et_pb_text][et_pb_text admin_label=&#8221;Link&#8221; _builder_version=&#8221;4.10.5&#8243; _module_preset=&#8221;default&#8221; link_font=&#8221;||||||||&#8221; link_text_align=&#8221;center&#8221; text_orientation=&#8221;center&#8221; locked=&#8221;off&#8221; global_colors_info=&#8221;{}&#8221;]<a class=\"download\" href=\"https:\/\/www.3p-france.com\/wp-content\/uploads\/2021\/12\/VOC-3P-Fiche-produit-GEL-REFRIGERANT.pdf\" target=\"_blank\" rel=\"noopener\"> 1kg refrigerating gel -5\u00b0C<\/a><br \/>\n<a class=\"download\" href=\"https:\/\/www.3p-france.com\/wp-content\/uploads\/2022\/02\/VOC-3P-Fiche-produit-GEL-REFRIGERANT-0\u00b0.pdf\" target=\"_blank\" rel=\"noopener\">1kg refrigerating gel 0\u00b0C<\/a>[\/et_pb_text][\/et_pb_column][\/et_pb_row][et_pb_row admin_label=&#8221;Ligne Devis&#8221; _builder_version=&#8221;4.10.5&#8243; _module_preset=&#8221;default&#8221; global_module=&#8221;173&#8243; global_colors_info=&#8221;{}&#8221;][et_pb_column type=&#8221;4_4&#8243; _builder_version=&#8221;4.10.5&#8243; _module_preset=&#8221;default&#8221; background_color=&#8221;#F4F4F4&#8243; custom_padding=&#8221;50px|50px|50px|50px|false|false&#8221; border_radii=&#8221;on|10px|10px|10px|10px&#8221; box_shadow_style=&#8221;preset3&#8243; global_colors_info=&#8221;{}&#8221;][et_pb_text admin_label=&#8221;Titre H2&#8243; _builder_version=&#8221;4.10.5&#8243; _module_preset=&#8221;default&#8221; text_font=&#8221;Poppins|700|||||||&#8221; text_text_color=&#8221;#3AA2DB&#8221; header_2_text_align=&#8221;center&#8221; text_orientation=&#8221;center&#8221; header_2_text_align_tablet=&#8221;&#8221; header_2_text_align_phone=&#8221;center&#8221; header_2_text_align_last_edited=&#8221;on|phone&#8221; text_orientation_tablet=&#8221;&#8221; text_orientation_phone=&#8221;center&#8221; text_orientation_last_edited=&#8221;on|desktop&#8221; global_colors_info=&#8221;{}&#8221;]<\/p>\n<h2>Your online quote in only a few clicks!<\/h2>\n<p>3P France is committed to providing the best cold chain circuit solution on the market.[\/et_pb_text][et_pb_button button_url=&#8221;https:\/\/www.3p-france.com\/en\/products\/&#8221; button_text=&#8221;Online quote&#8221; button_alignment=&#8221;center&#8221; _builder_version=&#8221;4.10.5&#8243; _module_preset=&#8221;default&#8221; global_colors_info=&#8221;{}&#8221;][\/et_pb_button][et_pb_code _builder_version=&#8221;4.14.7&#8243; _module_preset=&#8221;default&#8221; hover_enabled=&#8221;0&#8243; sticky_enabled=&#8221;0&#8243;][\/et_pb_code][\/et_pb_column][\/et_pb_row][\/et_pb_section]<\/p>\n","protected":false},"excerpt":{"rendered":"<p>DESTIN\u00c9S \u00c0 UN USAGE PROFESSIONNEL Gels r\u00e9frig\u00e9rants\u00c0 partir de 1000 pi\u00e8ces Faites votre demandeGel r\u00e9frig\u00e9rant, gel eutectique ou accumulateur de froid : l&#8217;alli\u00e9 pour renforcer vos performances isothermes Du commerce de d\u00e9tail alimentaire \u00e0 l&#8217;hypermarch\u00e9 en passant par les grossistes en emballage, les agences de publicit\u00e9, les industriels, les transporteurs et logisticiens, le e-commerce et [&hellip;]<\/p>\n","protected":false},"author":5,"featured_media":0,"parent":0,"menu_order":0,"comment_status":"closed","ping_status":"closed","template":"","meta":{"_et_pb_use_builder":"on","_et_pb_old_content":"","_et_gb_content_width":"","footnotes":""},"class_list":["post-24","page","type-page","status-publish","hentry"],"_links":{"self":[{"href":"https:\/\/www.3p-france.com\/en\/wp-json\/wp\/v2\/pages\/24","targetHints":{"allow":["GET"]}}],"collection":[{"href":"https:\/\/www.3p-france.com\/en\/wp-json\/wp\/v2\/pages"}],"about":[{"href":"https:\/\/www.3p-france.com\/en\/wp-json\/wp\/v2\/types\/page"}],"author":[{"embeddable":true,"href":"https:\/\/www.3p-france.com\/en\/wp-json\/wp\/v2\/users\/5"}],"replies":[{"embeddable":true,"href":"https:\/\/www.3p-france.com\/en\/wp-json\/wp\/v2\/comments?post=24"}],"version-history":[{"count":39,"href":"https:\/\/www.3p-france.com\/en\/wp-json\/wp\/v2\/pages\/24\/revisions"}],"predecessor-version":[{"id":1792,"href":"https:\/\/www.3p-france.com\/en\/wp-json\/wp\/v2\/pages\/24\/revisions\/1792"}],"wp:attachment":[{"href":"https:\/\/www.3p-france.com\/en\/wp-json\/wp\/v2\/media?parent=24"}],"curies":[{"name":"wp","href":"https:\/\/api.w.org\/{rel}","templated":true}]}}